{"id":1691,"date":"2017-07-06T09:41:53","date_gmt":"2017-07-06T09:41:53","guid":{"rendered":"http:\/\/deltahome.al\/new\/?page_id=1691"},"modified":"2017-08-28T10:03:20","modified_gmt":"2017-08-28T10:03:20","slug":"pensarecasa-2","status":"publish","type":"page","link":"https:\/\/deltahome.al\/en\/kitchen\/pensarecasa-2\/","title":{"rendered":"Pensarecasa"},"content":{"rendered":"<p>[vc_row][vc_column width=&#8221;1\/3&#8243;][vc_single_image image=&#8221;2841&#8243; img_size=&#8221;full&#8221;][\/vc_column][vc_column width=&#8221;2\/3&#8243;][vc_column_text]T\u00eb gjitha kuzhinat tona jan\u00eb projektuar, zhvilluar dhe prodhuar ekskluzivisht n\u00eb Itali. Ne punojm\u00eb \u00e7do dit\u00eb duke sjell\u00eb modele q\u00eb ecin me koh\u00ebn t\u00eb cilat p\u00ebrfshijn\u00eb n\u00eb t\u00eb materialet m\u00eb t\u00eb reja dhe zhvillimet n\u00eb teknikat dhe pajisjet. N\u00ebse shfletoni n\u00eb koleksionet e ndryshme t\u00eb kuzhinave tona do t\u00eb gjeni nj\u00eb gam\u00eb t\u00eb gjer\u00eb stilesh, kompzimesh, zgjidhje teknike dhe estetike q\u00eb i b\u00ebjn\u00eb kuzhinat tona t\u00eb p\u00ebrshtatshme sipas shijeve dhe nevojave tuaja.[\/vc_column_text][\/vc_column][\/vc_row][vc_row][vc_column]<div id=\"jig1\" class=\"justified-image-grid jig-18f98e186fef0b851d4eca95e174a2fb jig-preset-global\"><div class=\"jig-clearfix\"><\/div><noscript id=\"jig1-html\" class=\"justified-image-grid-html\" data-lazy-src=\"skiplazyload\" data-src=\"skipunveillazyload\"><ul><li><a href=\"https:\/\/deltahome.al\/\/wp-content\/gallery\/pensarecasa\/TECNICA-02.png\"><img src=\"https:\/\/deltahome.al\/wp-content\/plugins\/justified-image-grid\/timthumb.php?src=https%3A%2F%2Fdeltahome.al%2Fwp-content%2Fgallery%2Fpensarecasa%2FTECNICA-02.png&amp;h=340&amp;w=453&amp;q=90&amp;f=.png\" alt=\"\" width=\"453\" height=\"340\" \/><\/a><\/li><li><a href=\"https:\/\/deltahome.al\/\/wp-content\/gallery\/pensarecasa\/moda-14.png\"><img src=\"https:\/\/deltahome.al\/wp-content\/plugins\/justified-image-grid\/timthumb.php?src=https%3A%2F%2Fdeltahome.al%2Fwp-content%2Fgallery%2Fpensarecasa%2Fmoda-14.png&amp;h=340&amp;w=453&amp;q=90&amp;f=.png\" alt=\"\" width=\"453\" height=\"340\" \/><\/a><\/li><li><a href=\"https:\/\/deltahome.al\/\/wp-content\/gallery\/pensarecasa\/moda-15.png\"><img src=\"https:\/\/deltahome.al\/wp-content\/plugins\/justified-image-grid\/timthumb.php?src=https%3A%2F%2Fdeltahome.al%2Fwp-content%2Fgallery%2Fpensarecasa%2Fmoda-15.png&amp;h=340&amp;w=453&amp;q=90&amp;f=.png\" alt=\"\" width=\"453\" height=\"340\" \/><\/a><\/li><li><a href=\"https:\/\/deltahome.al\/\/wp-content\/gallery\/pensarecasa\/stile-01.png\"><img src=\"https:\/\/deltahome.al\/wp-content\/plugins\/justified-image-grid\/timthumb.php?src=https%3A%2F%2Fdeltahome.al%2Fwp-content%2Fgallery%2Fpensarecasa%2Fstile-01.png&amp;h=340&amp;w=453&amp;q=90&amp;f=.png\" alt=\"\" width=\"453\" height=\"340\" \/><\/a><\/li><li><a href=\"https:\/\/deltahome.al\/\/wp-content\/gallery\/pensarecasa\/stile-02.png\"><img src=\"https:\/\/deltahome.al\/wp-content\/plugins\/justified-image-grid\/timthumb.php?src=https%3A%2F%2Fdeltahome.al%2Fwp-content%2Fgallery%2Fpensarecasa%2Fstile-02.png&amp;h=340&amp;w=453&amp;q=90&amp;f=.png\" alt=\"\" width=\"453\" height=\"340\" \/><\/a><\/li><li><a href=\"https:\/\/deltahome.al\/\/wp-content\/gallery\/pensarecasa\/stile-03.png\"><img src=\"https:\/\/deltahome.al\/wp-content\/plugins\/justified-image-grid\/timthumb.php?src=https%3A%2F%2Fdeltahome.al%2Fwp-content%2Fgallery%2Fpensarecasa%2Fstile-03.png&amp;h=340&amp;w=453&amp;q=90&amp;f=.png\" alt=\"\" width=\"453\" height=\"340\" \/><\/a><\/li><li><a href=\"https:\/\/deltahome.al\/\/wp-content\/gallery\/pensarecasa\/stile-04.png\"><img src=\"https:\/\/deltahome.al\/wp-content\/plugins\/justified-image-grid\/timthumb.php?src=https%3A%2F%2Fdeltahome.al%2Fwp-content%2Fgallery%2Fpensarecasa%2Fstile-04.png&amp;h=340&amp;w=453&amp;q=90&amp;f=.png\" alt=\"\" width=\"453\" height=\"340\" \/><\/a><\/li><li><a href=\"https:\/\/deltahome.al\/\/wp-content\/gallery\/pensarecasa\/stile-05.png\"><img src=\"https:\/\/deltahome.al\/wp-content\/plugins\/justified-image-grid\/timthumb.php?src=https%3A%2F%2Fdeltahome.al%2Fwp-content%2Fgallery%2Fpensarecasa%2Fstile-05.png&amp;h=340&amp;w=453&amp;q=90&amp;f=.png\" alt=\"\" width=\"453\" height=\"340\" \/><\/a><\/li><li><a href=\"https:\/\/deltahome.al\/\/wp-content\/gallery\/pensarecasa\/stile-06.png\"><img src=\"https:\/\/deltahome.al\/wp-content\/plugins\/justified-image-grid\/timthumb.php?src=https%3A%2F%2Fdeltahome.al%2Fwp-content%2Fgallery%2Fpensarecasa%2Fstile-06.png&amp;h=340&amp;w=453&amp;q=90&amp;f=.png\" alt=\"\" width=\"453\" height=\"340\" \/><\/a><\/li><li><a href=\"https:\/\/deltahome.al\/\/wp-content\/gallery\/pensarecasa\/TECNICA-01.png\"><img src=\"https:\/\/deltahome.al\/wp-content\/plugins\/justified-image-grid\/timthumb.php?src=https%3A%2F%2Fdeltahome.al%2Fwp-content%2Fgallery%2Fpensarecasa%2FTECNICA-01.png&amp;h=340&amp;w=453&amp;q=90&amp;f=.png\" alt=\"\" width=\"453\" height=\"340\" \/><\/a><\/li><li><a href=\"https:\/\/deltahome.al\/\/wp-content\/gallery\/pensarecasa\/moda-13.png\"><img src=\"https:\/\/deltahome.al\/wp-content\/plugins\/justified-image-grid\/timthumb.php?src=https%3A%2F%2Fdeltahome.al%2Fwp-content%2Fgallery%2Fpensarecasa%2Fmoda-13.png&amp;h=340&amp;w=453&amp;q=90&amp;f=.png\" alt=\"\" width=\"453\" height=\"340\" \/><\/a><\/li><li><a href=\"https:\/\/deltahome.al\/\/wp-content\/gallery\/pensarecasa\/TECNICA-03.png\"><img src=\"https:\/\/deltahome.al\/wp-content\/plugins\/justified-image-grid\/timthumb.php?src=https%3A%2F%2Fdeltahome.al%2Fwp-content%2Fgallery%2Fpensarecasa%2FTECNICA-03.png&amp;h=340&amp;w=453&amp;q=90&amp;f=.png\" alt=\"\" width=\"453\" height=\"340\" \/><\/a><\/li><li><a href=\"https:\/\/deltahome.al\/\/wp-content\/gallery\/pensarecasa\/TECNICA-04.png\"><img src=\"https:\/\/deltahome.al\/wp-content\/plugins\/justified-image-grid\/timthumb.php?src=https%3A%2F%2Fdeltahome.al%2Fwp-content%2Fgallery%2Fpensarecasa%2FTECNICA-04.png&amp;h=340&amp;w=453&amp;q=90&amp;f=.png\" alt=\"\" width=\"453\" height=\"340\" \/><\/a><\/li><li><a href=\"https:\/\/deltahome.al\/\/wp-content\/gallery\/pensarecasa\/TECNICA-05.png\"><img src=\"https:\/\/deltahome.al\/wp-content\/plugins\/justified-image-grid\/timthumb.php?src=https%3A%2F%2Fdeltahome.al%2Fwp-content%2Fgallery%2Fpensarecasa%2FTECNICA-05.png&amp;h=340&amp;w=453&amp;q=90&amp;f=.png\" alt=\"\" width=\"453\" height=\"340\" \/><\/a><\/li><li><a href=\"https:\/\/deltahome.al\/\/wp-content\/gallery\/pensarecasa\/TECNICA-06.png\"><img src=\"https:\/\/deltahome.al\/wp-content\/plugins\/justified-image-grid\/timthumb.php?src=https%3A%2F%2Fdeltahome.al%2Fwp-content%2Fgallery%2Fpensarecasa%2FTECNICA-06.png&amp;h=340&amp;w=453&amp;q=90&amp;f=.png\" alt=\"\" width=\"453\" height=\"340\" \/><\/a><\/li><li><a href=\"https:\/\/deltahome.al\/\/wp-content\/gallery\/pensarecasa\/TECNICA-07.png\"><img src=\"https:\/\/deltahome.al\/wp-content\/plugins\/justified-image-grid\/timthumb.php?src=https%3A%2F%2Fdeltahome.al%2Fwp-content%2Fgallery%2Fpensarecasa%2FTECNICA-07.png&amp;h=340&amp;w=453&amp;q=90&amp;f=.png\" alt=\"\" width=\"453\" height=\"340\" \/><\/a><\/li><li><a href=\"https:\/\/deltahome.al\/\/wp-content\/gallery\/pensarecasa\/TECNICA-08.png\"><img src=\"https:\/\/deltahome.al\/wp-content\/plugins\/justified-image-grid\/timthumb.php?src=https%3A%2F%2Fdeltahome.al%2Fwp-content%2Fgallery%2Fpensarecasa%2FTECNICA-08.png&amp;h=340&amp;w=453&amp;q=90&amp;f=.png\" alt=\"\" width=\"453\" height=\"340\" \/><\/a><\/li><li><a href=\"https:\/\/deltahome.al\/\/wp-content\/gallery\/pensarecasa\/TECNICA-09.png\"><img src=\"https:\/\/deltahome.al\/wp-content\/plugins\/justified-image-grid\/timthumb.php?src=https%3A%2F%2Fdeltahome.al%2Fwp-content%2Fgallery%2Fpensarecasa%2FTECNICA-09.png&amp;h=340&amp;w=453&amp;q=90&amp;f=.png\" alt=\"\" width=\"453\" height=\"340\" \/><\/a><\/li><li><a href=\"https:\/\/deltahome.al\/\/wp-content\/gallery\/pensarecasa\/TECNICA-10.png\"><img src=\"https:\/\/deltahome.al\/wp-content\/plugins\/justified-image-grid\/timthumb.php?src=https%3A%2F%2Fdeltahome.al%2Fwp-content%2Fgallery%2Fpensarecasa%2FTECNICA-10.png&amp;h=340&amp;w=453&amp;q=90&amp;f=.png\" alt=\"\" width=\"453\" height=\"340\" \/><\/a><\/li><li><a href=\"https:\/\/deltahome.al\/\/wp-content\/gallery\/pensarecasa\/moda-04.png\"><img src=\"https:\/\/deltahome.al\/wp-content\/plugins\/justified-image-grid\/timthumb.php?src=https%3A%2F%2Fdeltahome.al%2Fwp-content%2Fgallery%2Fpensarecasa%2Fmoda-04.png&amp;h=340&amp;w=453&amp;q=90&amp;f=.png\" alt=\"\" width=\"453\" height=\"340\" \/><\/a><\/li><li><a href=\"https:\/\/deltahome.al\/\/wp-content\/gallery\/pensarecasa\/CONTEMPORANEA-02.png\"><img src=\"https:\/\/deltahome.al\/wp-content\/plugins\/justified-image-grid\/timthumb.php?src=https%3A%2F%2Fdeltahome.al%2Fwp-content%2Fgallery%2Fpensarecasa%2FCONTEMPORANEA-02.png&amp;h=340&amp;w=453&amp;q=90&amp;f=.png\" alt=\"\" width=\"453\" height=\"340\" \/><\/a><\/li><li><a href=\"https:\/\/deltahome.al\/\/wp-content\/gallery\/pensarecasa\/CONTEMPORANEA-03.png\"><img src=\"https:\/\/deltahome.al\/wp-content\/plugins\/justified-image-grid\/timthumb.php?src=https%3A%2F%2Fdeltahome.al%2Fwp-content%2Fgallery%2Fpensarecasa%2FCONTEMPORANEA-03.png&amp;h=340&amp;w=453&amp;q=90&amp;f=.png\" alt=\"\" width=\"453\" height=\"340\" \/><\/a><\/li><li><a href=\"https:\/\/deltahome.al\/\/wp-content\/gallery\/pensarecasa\/CONTEMPORANEA-04.png\"><img src=\"https:\/\/deltahome.al\/wp-content\/plugins\/justified-image-grid\/timthumb.php?src=https%3A%2F%2Fdeltahome.al%2Fwp-content%2Fgallery%2Fpensarecasa%2FCONTEMPORANEA-04.png&amp;h=340&amp;w=453&amp;q=90&amp;f=.png\" alt=\"\" width=\"453\" height=\"340\" \/><\/a><\/li><li><a href=\"https:\/\/deltahome.al\/\/wp-content\/gallery\/pensarecasa\/CONTEMPORANEA-05.png\"><img src=\"https:\/\/deltahome.al\/wp-content\/plugins\/justified-image-grid\/timthumb.php?src=https%3A%2F%2Fdeltahome.al%2Fwp-content%2Fgallery%2Fpensarecasa%2FCONTEMPORANEA-05.png&amp;h=340&amp;w=453&amp;q=90&amp;f=.png\" alt=\"\" width=\"453\" height=\"340\" \/><\/a><\/li><li><a href=\"https:\/\/deltahome.al\/\/wp-content\/gallery\/pensarecasa\/CONTEMPORANEA-06.png\"><img src=\"https:\/\/deltahome.al\/wp-content\/plugins\/justified-image-grid\/timthumb.php?src=https%3A%2F%2Fdeltahome.al%2Fwp-content%2Fgallery%2Fpensarecasa%2FCONTEMPORANEA-06.png&amp;h=340&amp;w=453&amp;q=90&amp;f=.png\" alt=\"\" width=\"453\" height=\"340\" \/><\/a><\/li><li><a href=\"https:\/\/deltahome.al\/\/wp-content\/gallery\/pensarecasa\/moda-01.png\"><img src=\"https:\/\/deltahome.al\/wp-content\/plugins\/justified-image-grid\/timthumb.php?src=https%3A%2F%2Fdeltahome.al%2Fwp-content%2Fgallery%2Fpensarecasa%2Fmoda-01.png&amp;h=340&amp;w=453&amp;q=90&amp;f=.png\" alt=\"\" width=\"453\" height=\"340\" \/><\/a><\/li><li><a href=\"https:\/\/deltahome.al\/\/wp-content\/gallery\/pensarecasa\/moda-02.png\"><img src=\"https:\/\/deltahome.al\/wp-content\/plugins\/justified-image-grid\/timthumb.php?src=https%3A%2F%2Fdeltahome.al%2Fwp-content%2Fgallery%2Fpensarecasa%2Fmoda-02.png&amp;h=340&amp;w=453&amp;q=90&amp;f=.png\" alt=\"\" width=\"453\" height=\"340\" \/><\/a><\/li><li><a href=\"https:\/\/deltahome.al\/\/wp-content\/gallery\/pensarecasa\/moda-03.png\"><img src=\"https:\/\/deltahome.al\/wp-content\/plugins\/justified-image-grid\/timthumb.php?src=https%3A%2F%2Fdeltahome.al%2Fwp-content%2Fgallery%2Fpensarecasa%2Fmoda-03.png&amp;h=340&amp;w=453&amp;q=90&amp;f=.png\" alt=\"\" width=\"453\" height=\"340\" \/><\/a><\/li><li><a href=\"https:\/\/deltahome.al\/\/wp-content\/gallery\/pensarecasa\/CONTEMPORANEA-01.png\"><img src=\"https:\/\/deltahome.al\/wp-content\/plugins\/justified-image-grid\/timthumb.php?src=https%3A%2F%2Fdeltahome.al%2Fwp-content%2Fgallery%2Fpensarecasa%2FCONTEMPORANEA-01.png&amp;h=340&amp;w=453&amp;q=90&amp;f=.png\" alt=\"\" width=\"453\" height=\"340\" \/><\/a><\/li><li><a href=\"https:\/\/deltahome.al\/\/wp-content\/gallery\/pensarecasa\/moda-05.png\"><img src=\"https:\/\/deltahome.al\/wp-content\/plugins\/justified-image-grid\/timthumb.php?src=https%3A%2F%2Fdeltahome.al%2Fwp-content%2Fgallery%2Fpensarecasa%2Fmoda-05.png&amp;h=340&amp;w=453&amp;q=90&amp;f=.png\" alt=\"\" width=\"453\" height=\"340\" \/><\/a><\/li><li><a href=\"https:\/\/deltahome.al\/\/wp-content\/gallery\/pensarecasa\/moda-06.png\"><img src=\"https:\/\/deltahome.al\/wp-content\/plugins\/justified-image-grid\/timthumb.php?src=https%3A%2F%2Fdeltahome.al%2Fwp-content%2Fgallery%2Fpensarecasa%2Fmoda-06.png&amp;h=340&amp;w=453&amp;q=90&amp;f=.png\" alt=\"\" width=\"453\" height=\"340\" \/><\/a><\/li><li><a href=\"https:\/\/deltahome.al\/\/wp-content\/gallery\/pensarecasa\/moda-07.png\"><img src=\"https:\/\/deltahome.al\/wp-content\/plugins\/justified-image-grid\/timthumb.php?src=https%3A%2F%2Fdeltahome.al%2Fwp-content%2Fgallery%2Fpensarecasa%2Fmoda-07.png&amp;h=340&amp;w=453&amp;q=90&amp;f=.png\" alt=\"\" width=\"453\" height=\"340\" \/><\/a><\/li><li><a href=\"https:\/\/deltahome.al\/\/wp-content\/gallery\/pensarecasa\/moda-08.png\"><img src=\"https:\/\/deltahome.al\/wp-content\/plugins\/justified-image-grid\/timthumb.php?src=https%3A%2F%2Fdeltahome.al%2Fwp-content%2Fgallery%2Fpensarecasa%2Fmoda-08.png&amp;h=340&amp;w=453&amp;q=90&amp;f=.png\" alt=\"\" width=\"453\" height=\"340\" \/><\/a><\/li><li><a href=\"https:\/\/deltahome.al\/\/wp-content\/gallery\/pensarecasa\/moda-09.png\"><img src=\"https:\/\/deltahome.al\/wp-content\/plugins\/justified-image-grid\/timthumb.php?src=https%3A%2F%2Fdeltahome.al%2Fwp-content%2Fgallery%2Fpensarecasa%2Fmoda-09.png&amp;h=340&amp;w=453&amp;q=90&amp;f=.png\" alt=\"\" width=\"453\" height=\"340\" \/><\/a><\/li><li><a href=\"https:\/\/deltahome.al\/\/wp-content\/gallery\/pensarecasa\/moda-10.png\"><img src=\"https:\/\/deltahome.al\/wp-content\/plugins\/justified-image-grid\/timthumb.php?src=https%3A%2F%2Fdeltahome.al%2Fwp-content%2Fgallery%2Fpensarecasa%2Fmoda-10.png&amp;h=340&amp;w=453&amp;q=90&amp;f=.png\" alt=\"\" width=\"453\" height=\"340\" \/><\/a><\/li><li><a href=\"https:\/\/deltahome.al\/\/wp-content\/gallery\/pensarecasa\/moda-11.png\"><img src=\"https:\/\/deltahome.al\/wp-content\/plugins\/justified-image-grid\/timthumb.php?src=https%3A%2F%2Fdeltahome.al%2Fwp-content%2Fgallery%2Fpensarecasa%2Fmoda-11.png&amp;h=340&amp;w=453&amp;q=90&amp;f=.png\" alt=\"\" width=\"453\" height=\"340\" \/><\/a><\/li><li><a href=\"https:\/\/deltahome.al\/\/wp-content\/gallery\/pensarecasa\/moda-12.png\"><img src=\"https:\/\/deltahome.al\/wp-content\/plugins\/justified-image-grid\/timthumb.php?src=https%3A%2F%2Fdeltahome.al%2Fwp-content%2Fgallery%2Fpensarecasa%2Fmoda-12.png&amp;h=340&amp;w=453&amp;q=90&amp;f=.png\" alt=\"\" width=\"453\" height=\"340\" \/><\/a><\/li><\/ul><\/noscript><\/div>[vc_column_text]&nbsp;<\/p>\n<p style=\"text-align: center;\"><a href=\"http:\/\/www.pensarecasa.it\/cucine\" target=\"_blank\" rel=\"noopener\">For more photos visit Pensarecasa&nbsp;<\/a><\/p>\n<p>[\/vc_column_text][\/vc_column][\/vc_row]<\/p>","protected":false},"excerpt":{"rendered":"<p>[vc_row][vc_column width=&#8221;1\/3&#8243;][vc_single_image image=&#8221;2841&#8243; img_size=&#8221;full&#8221;][\/vc_column][vc_column width=&#8221;2\/3&#8243;][vc_column_text]T\u00eb gjitha kuzhinat tona jan\u00eb projektuar, zhvilluar dhe prodhuar ekskluzivisht n\u00eb Itali. Ne punojm\u00eb \u00e7do dit\u00eb duke sjell\u00eb modele q\u00eb ecin me koh\u00ebn t\u00eb cilat p\u00ebrfshijn\u00eb n\u00eb t\u00eb materialet m\u00eb t\u00eb reja dhe zhvillimet n\u00eb teknikat dhe pajisjet. N\u00ebse shfletoni n\u00eb koleksionet e ndryshme t\u00eb kuzhinave tona do t\u00eb gjeni nj\u00eb [&hellip;]<\/p>\n","protected":false},"author":1,"featured_media":0,"parent":1309,"menu_order":0,"comment_status":"closed","ping_status":"closed","template":"","meta":[],"_links":{"self":[{"href":"https:\/\/deltahome.al\/en\/wp-json\/wp\/v2\/pages\/1691"}],"collection":[{"href":"https:\/\/deltahome.al\/en\/wp-json\/wp\/v2\/pages"}],"about":[{"href":"https:\/\/deltahome.al\/en\/wp-json\/wp\/v2\/types\/page"}],"author":[{"embeddable":true,"href":"https:\/\/deltahome.al\/en\/wp-json\/wp\/v2\/users\/1"}],"replies":[{"embeddable":true,"href":"https:\/\/deltahome.al\/en\/wp-json\/wp\/v2\/comments?post=1691"}],"version-history":[{"count":11,"href":"https:\/\/deltahome.al\/en\/wp-json\/wp\/v2\/pages\/1691\/revisions"}],"predecessor-version":[{"id":3428,"href":"https:\/\/deltahome.al\/en\/wp-json\/wp\/v2\/pages\/1691\/revisions\/3428"}],"up":[{"embeddable":true,"href":"https:\/\/deltahome.al\/en\/wp-json\/wp\/v2\/pages\/1309"}],"wp:attachment":[{"href":"https:\/\/deltahome.al\/en\/wp-json\/wp\/v2\/media?parent=1691"}],"curies":[{"name":"wp","href":"https:\/\/api.w.org\/{rel}","templated":true}]}}