{"id":1693,"date":"2017-07-06T09:42:44","date_gmt":"2017-07-06T09:42:44","guid":{"rendered":"http:\/\/deltahome.al\/new\/?page_id=1693"},"modified":"2017-08-22T07:30:59","modified_gmt":"2017-08-22T07:30:59","slug":"visionnaire","status":"publish","type":"page","link":"https:\/\/deltahome.al\/en\/kitchen\/visionnaire\/","title":{"rendered":"Visionnaire"},"content":{"rendered":"<p>[vc_row][vc_column width=&#8221;1\/3&#8243;][vc_single_image image=&#8221;2843&#8243; img_size=&#8221;full&#8221;][\/vc_column][vc_column width=&#8221;2\/3&#8243;][vc_column_text]Arti, n\u00eb t\u00eb gjith\u00eb form\u00ebn dhe shprehjen e tij, ka qen\u00eb gjithmon\u00eb nj\u00eb burim frym\u00ebzimi p\u00ebr Visionnaire. Visionnaire ka n\u00eb filozofin\u00eb e saj nj\u00eb m\u00ebnyr\u00eb t\u00eb re n\u00eb konceptimin e mobilimit t\u00eb ambienteve q\u00eb lidhen me m\u00ebnyr\u00ebn e jetes\u00ebs brenda stilit t\u00eb personit q\u00eb i beson Visionnaire. Dialogu midis artit dhe dizajnit ka qen\u00eb gjithmon\u00eb pjes\u00eb e ADN-s\u00eb s\u00eb Visionnaire.[\/vc_column_text][\/vc_column][\/vc_row][vc_row][vc_column]<div id=\"jig1\" class=\"justified-image-grid jig-c480ab83b798441e5e8bcafb88a1e103 jig-preset-global\"><div class=\"jig-clearfix\"><\/div><noscript id=\"jig1-html\" class=\"justified-image-grid-html\" data-lazy-src=\"skiplazyload\" data-src=\"skipunveillazyload\"><ul><li><a href=\"https:\/\/deltahome.al\/wp-content\/gallery\/visionaire\/augustus.png\" title=\"augustus\"><img src=\"https:\/\/deltahome.al\/wp-content\/plugins\/justified-image-grid\/timthumb.php?src=https%3A%2F%2Fdeltahome.al%2Fwp-content%2Fgallery%2Fvisionaire%2Faugustus.png&amp;h=300&amp;q=90&amp;f=.png\" alt=\"augustus\" width=\"451\" height=\"300\" \/><\/a><p class=\"jig-HTMLdescription\">augustus<\/p><\/li><li><a href=\"https:\/\/deltahome.al\/wp-content\/gallery\/visionaire\/cycas.png\" title=\"cycas\"><img src=\"https:\/\/deltahome.al\/wp-content\/plugins\/justified-image-grid\/timthumb.php?src=https%3A%2F%2Fdeltahome.al%2Fwp-content%2Fgallery%2Fvisionaire%2Fcycas.png&amp;h=300&amp;q=90&amp;f=.png\" alt=\"cycas\" width=\"400\" height=\"300\" \/><\/a><p class=\"jig-HTMLdescription\">cycas<\/p><\/li><li><a href=\"https:\/\/deltahome.al\/wp-content\/gallery\/visionaire\/dahlia.png\" title=\"dahlia\"><img src=\"https:\/\/deltahome.al\/wp-content\/plugins\/justified-image-grid\/timthumb.php?src=https%3A%2F%2Fdeltahome.al%2Fwp-content%2Fgallery%2Fvisionaire%2Fdahlia.png&amp;h=300&amp;q=90&amp;f=.png\" alt=\"dahlia\" width=\"357\" height=\"300\" \/><\/a><p class=\"jig-HTMLdescription\">dahlia<\/p><\/li><li><a href=\"https:\/\/deltahome.al\/wp-content\/gallery\/visionaire\/Mayfair.png\" title=\"Mayfair\"><img src=\"https:\/\/deltahome.al\/wp-content\/plugins\/justified-image-grid\/timthumb.php?src=https%3A%2F%2Fdeltahome.al%2Fwp-content%2Fgallery%2Fvisionaire%2FMayfair.png&amp;h=300&amp;q=90&amp;f=.png\" alt=\"Mayfair\" width=\"400\" height=\"300\" \/><\/a><p class=\"jig-HTMLdescription\">Mayfair<\/p><\/li><li><a href=\"https:\/\/deltahome.al\/wp-content\/gallery\/visionaire\/victorian.png\" title=\"victorian\"><img src=\"https:\/\/deltahome.al\/wp-content\/plugins\/justified-image-grid\/timthumb.php?src=https%3A%2F%2Fdeltahome.al%2Fwp-content%2Fgallery%2Fvisionaire%2Fvictorian.png&amp;h=300&amp;q=90&amp;f=.png\" alt=\"victorian\" width=\"432\" height=\"300\" \/><\/a><p class=\"jig-HTMLdescription\">victorian<\/p><\/li><\/ul><\/noscript><\/div>[vc_column_text]&nbsp;<\/p>\n<p style=\"text-align: center;\"><a href=\"http:\/\/www.visionnaire-home.com\/\" target=\"_blank\" rel=\"noopener\">For more photos visit Visionnaire&nbsp;<\/a><\/p>\n<p>[\/vc_column_text][\/vc_column][\/vc_row]<\/p>\n","protected":false},"excerpt":{"rendered":"<p>[vc_row][vc_column width=&#8221;1\/3&#8243;][vc_single_image image=&#8221;2843&#8243; img_size=&#8221;full&#8221;][\/vc_column][vc_column width=&#8221;2\/3&#8243;][vc_column_text]Arti, n\u00eb t\u00eb gjith\u00eb form\u00ebn dhe shprehjen e tij, ka qen\u00eb gjithmon\u00eb nj\u00eb burim frym\u00ebzimi p\u00ebr Visionnaire. Visionnaire ka n\u00eb filozofin\u00eb e saj nj\u00eb m\u00ebnyr\u00eb t\u00eb re n\u00eb konceptimin e mobilimit t\u00eb ambienteve q\u00eb lidhen me m\u00ebnyr\u00ebn e jetes\u00ebs brenda stilit t\u00eb personit q\u00eb i beson Visionnaire. Dialogu midis artit dhe [&hellip;]<\/p>\n","protected":false},"author":1,"featured_media":0,"parent":1309,"menu_order":0,"comment_status":"closed","ping_status":"closed","template":"","meta":[],"_links":{"self":[{"href":"https:\/\/deltahome.al\/en\/wp-json\/wp\/v2\/pages\/1693"}],"collection":[{"href":"https:\/\/deltahome.al\/en\/wp-json\/wp\/v2\/pages"}],"about":[{"href":"https:\/\/deltahome.al\/en\/wp-json\/wp\/v2\/types\/page"}],"author":[{"embeddable":true,"href":"https:\/\/deltahome.al\/en\/wp-json\/wp\/v2\/users\/1"}],"replies":[{"embeddable":true,"href":"https:\/\/deltahome.al\/en\/wp-json\/wp\/v2\/comments?post=1693"}],"version-history":[{"count":6,"href":"https:\/\/deltahome.al\/en\/wp-json\/wp\/v2\/pages\/1693\/revisions"}],"predecessor-version":[{"id":3349,"href":"https:\/\/deltahome.al\/en\/wp-json\/wp\/v2\/pages\/1693\/revisions\/3349"}],"up":[{"embeddable":true,"href":"https:\/\/deltahome.al\/en\/wp-json\/wp\/v2\/pages\/1309"}],"wp:attachment":[{"href":"https:\/\/deltahome.al\/en\/wp-json\/wp\/v2\/media?parent=1693"}],"curies":[{"name":"wp","href":"https:\/\/api.w.org\/{rel}","templated":true}]}}