{"id":2880,"date":"2017-07-24T14:45:32","date_gmt":"2017-07-24T14:45:32","guid":{"rendered":"http:\/\/deltahome.al\/new\/?page_id=2880"},"modified":"2017-08-28T15:20:15","modified_gmt":"2017-08-28T15:20:15","slug":"mattresses","status":"publish","type":"page","link":"https:\/\/deltahome.al\/en\/bedroom\/mattresses\/","title":{"rendered":"Mattresses"},"content":{"rendered":"<p>[vc_row][vc_column width=&#8221;1\/6&#8243;][vc_single_image image=&#8221;2833&#8243; img_size=&#8221;medium&#8221;][\/vc_column][vc_column width=&#8221;5\/6&#8243;][vc_column_text]A sleeping system includes mattresses, quilts, pillo\u00ebs, special pillo\u00ebs, under-spring suspensions and other products.<\/p>\n<p>State-of-the-art medicine in sleepy babies allo\u00ebs an ever more precise development of ne\u00eb innovative sleep systems[\/vc_column_text][\/vc_column][\/vc_row][vc_row][vc_column]<div id=\"jig1\" class=\"justified-image-grid jig-c18c29effa52a8aa2a7dc137592d9fb4 jig-preset-global\"><div class=\"jig-clearfix\"><\/div><noscript id=\"jig1-html\" class=\"justified-image-grid-html\" data-lazy-src=\"skiplazyload\" data-src=\"skipunveillazyload\"><ul><li><a href=\"https:\/\/deltahome.al\/\/wp-content\/gallery\/dhomagjumidysheqefrankenstolz\/image001.jpg\" title=\"image001\"><img src=\"https:\/\/deltahome.al\/wp-content\/plugins\/justified-image-grid\/timthumb.php?src=https%3A%2F%2Fdeltahome.al%2Fwp-content%2Fgallery%2Fdhomagjumidysheqefrankenstolz%2Fimage001.jpg&amp;h=300&amp;q=90&amp;f=.jpg\" alt=\"image001\" width=\"533\" height=\"300\" \/><\/a><p class=\"jig-HTMLdescription\">image001<\/p><\/li><li><a href=\"https:\/\/deltahome.al\/\/wp-content\/gallery\/dhomagjumidysheqefrankenstolz\/image003.jpg\" title=\"image003\"><img src=\"https:\/\/deltahome.al\/wp-content\/plugins\/justified-image-grid\/timthumb.php?src=https%3A%2F%2Fdeltahome.al%2Fwp-content%2Fgallery%2Fdhomagjumidysheqefrankenstolz%2Fimage003.jpg&amp;h=300&amp;q=90&amp;f=.jpg\" alt=\"image003\" width=\"533\" height=\"300\" \/><\/a><p class=\"jig-HTMLdescription\">image003<\/p><\/li><li><a href=\"https:\/\/deltahome.al\/\/wp-content\/gallery\/dhomagjumidysheqefrankenstolz\/image005.jpg\" title=\"image005\"><img src=\"https:\/\/deltahome.al\/wp-content\/plugins\/justified-image-grid\/timthumb.php?src=https%3A%2F%2Fdeltahome.al%2Fwp-content%2Fgallery%2Fdhomagjumidysheqefrankenstolz%2Fimage005.jpg&amp;h=300&amp;q=90&amp;f=.jpg\" alt=\"image005\" width=\"533\" height=\"300\" \/><\/a><p class=\"jig-HTMLdescription\">image005<\/p><\/li><li><a href=\"https:\/\/deltahome.al\/\/wp-content\/gallery\/dhomagjumidysheqefrankenstolz\/image007.jpg\" title=\"image007\"><img src=\"https:\/\/deltahome.al\/wp-content\/plugins\/justified-image-grid\/timthumb.php?src=https%3A%2F%2Fdeltahome.al%2Fwp-content%2Fgallery%2Fdhomagjumidysheqefrankenstolz%2Fimage007.jpg&amp;h=300&amp;q=90&amp;f=.jpg\" alt=\"image007\" width=\"533\" height=\"300\" \/><\/a><p class=\"jig-HTMLdescription\">image007<\/p><\/li><li><a href=\"https:\/\/deltahome.al\/\/wp-content\/gallery\/dhomagjumidysheqefrankenstolz\/image009.jpg\" title=\"image009\"><img src=\"https:\/\/deltahome.al\/wp-content\/plugins\/justified-image-grid\/timthumb.php?src=https%3A%2F%2Fdeltahome.al%2Fwp-content%2Fgallery%2Fdhomagjumidysheqefrankenstolz%2Fimage009.jpg&amp;h=300&amp;q=90&amp;f=.jpg\" alt=\"image009\" width=\"533\" height=\"300\" \/><\/a><p class=\"jig-HTMLdescription\">image009<\/p><\/li><\/ul><\/noscript><\/div>[\/vc_column][\/vc_row]<\/p>","protected":false},"excerpt":{"rendered":"<p>[vc_row][vc_column width=&#8221;1\/6&#8243;][vc_single_image image=&#8221;2833&#8243; img_size=&#8221;medium&#8221;][\/vc_column][vc_column width=&#8221;5\/6&#8243;][vc_column_text]A sleeping system includes mattresses, quilts, pillo\u00ebs, special pillo\u00ebs, under-spring suspensions and other products. State-of-the-art medicine in sleepy babies allo\u00ebs an ever more precise development of ne\u00eb innovative sleep systems[\/vc_column_text][\/vc_column][\/vc_row][vc_row][vc_column][\/vc_column][\/vc_row]<\/p>\n","protected":false},"author":1,"featured_media":0,"parent":1325,"menu_order":0,"comment_status":"closed","ping_status":"closed","template":"","meta":[],"_links":{"self":[{"href":"https:\/\/deltahome.al\/en\/wp-json\/wp\/v2\/pages\/2880"}],"collection":[{"href":"https:\/\/deltahome.al\/en\/wp-json\/wp\/v2\/pages"}],"about":[{"href":"https:\/\/deltahome.al\/en\/wp-json\/wp\/v2\/types\/page"}],"author":[{"embeddable":true,"href":"https:\/\/deltahome.al\/en\/wp-json\/wp\/v2\/users\/1"}],"replies":[{"embeddable":true,"href":"https:\/\/deltahome.al\/en\/wp-json\/wp\/v2\/comments?post=2880"}],"version-history":[{"count":3,"href":"https:\/\/deltahome.al\/en\/wp-json\/wp\/v2\/pages\/2880\/revisions"}],"predecessor-version":[{"id":3438,"href":"https:\/\/deltahome.al\/en\/wp-json\/wp\/v2\/pages\/2880\/revisions\/3438"}],"up":[{"embeddable":true,"href":"https:\/\/deltahome.al\/en\/wp-json\/wp\/v2\/pages\/1325"}],"wp:attachment":[{"href":"https:\/\/deltahome.al\/en\/wp-json\/wp\/v2\/media?parent=2880"}],"curies":[{"name":"wp","href":"https:\/\/api.w.org\/{rel}","templated":true}]}}