{"id":3066,"date":"2017-07-27T13:31:07","date_gmt":"2017-07-27T13:31:07","guid":{"rendered":"http:\/\/deltahome.al\/new\/?page_id=3066"},"modified":"2017-08-22T07:56:41","modified_gmt":"2017-08-22T07:56:41","slug":"dining-tables","status":"publish","type":"page","link":"https:\/\/deltahome.al\/en\/tables\/dining-tables\/","title":{"rendered":"Dining tables"},"content":{"rendered":"<p>[vc_row][vc_column width=&#8221;2\/3&#8243;][vc_single_image image=&#8221;3067&#8243; img_size=&#8221;large&#8221;][\/vc_column][vc_column width=&#8221;1\/3&#8243;][vc_column_text]<\/p>\n<p style=\"text-align: center;\"><img loading=\"lazy\" class=\"alignnone wp-image-2825 size-medium\" src=\"http:\/\/deltahome.al\/\/wp-content\/uploads\/2017\/07\/cantori-300x69.png\" alt=\"\" width=\"300\" height=\"69\" srcset=\"https:\/\/deltahome.al\/wp-content\/uploads\/2017\/07\/cantori-300x69.png 300w, https:\/\/deltahome.al\/wp-content\/uploads\/2017\/07\/cantori-768x177.png 768w, https:\/\/deltahome.al\/wp-content\/uploads\/2017\/07\/cantori-600x138.png 600w, https:\/\/deltahome.al\/wp-content\/uploads\/2017\/07\/cantori.png 782w\" sizes=\"(max-width: 300px) 100vw, 300px\" \/><\/p>\n<p style=\"text-align: center;\">The beauty of shape and the extraordinary variety of compositions can win you over at first glance, but it is only when you skim over the soft finishes and the fine handcrafted decorations, physically touching the quality of the materials used and the sturdiness of the frames that you will truly understand the absolute inimitability of Cantori&#8217;s world.<\/p>\n<p>[\/vc_column_text]<div class=\"btn-container text-center\"><a href=\"http:\/\/deltahome.al\/tables\/dining-tables\/cantori\/\" class=\"btn btn-color-out no-radius\"   >Discover<\/a><\/div>[\/vc_column][\/vc_row][vc_row][vc_column width=&#8221;2\/3&#8243;][vc_single_image image=&#8221;3068&#8243; img_size=&#8221;large&#8221;][\/vc_column][vc_column width=&#8221;1\/3&#8243;][vc_column_text]<\/p>\n<p style=\"text-align: center;\"><img loading=\"lazy\" class=\"alignnone wp-image-2826 size-medium\" src=\"http:\/\/deltahome.al\/\/wp-content\/uploads\/2017\/07\/catellan-300x122.png\" alt=\"\" width=\"300\" height=\"122\" srcset=\"https:\/\/deltahome.al\/wp-content\/uploads\/2017\/07\/catellan-300x122.png 300w, https:\/\/deltahome.al\/wp-content\/uploads\/2017\/07\/catellan.png 598w\" sizes=\"(max-width: 300px) 100vw, 300px\" \/><\/p>\n<p style=\"text-align: center;\">Nj\u00eb ekspozim q\u00eb&nbsp; thekson form\u00ebn&nbsp; dhe q\u00eb, p\u00ebrmes dizajnit dhe zgjidhjeve sensoriale me ndikim t\u00eb madh, lejon nj\u00eb pamje t\u00eb menj\u00ebhershme t\u00eb v\u00ebllimeve, dritave dhe materialeve gjeometrike. Efekti \u00ebsht\u00eb shum\u00eb t\u00ebrheq\u00ebs; Q\u00ebndrimi b\u00ebhet nj\u00eb rrug\u00eb e identitetit dhe stilit, por mbi t\u00eb gjitha ajo lidhet me konceptin institucional t\u00eb Cattelan Italia.<\/p>\n<p style=\"text-align: center;\">\u00c7do fokus \u00ebsht\u00eb nj\u00eb simbol i evolucionit t\u00eb nj\u00eb koleksioni q\u00eb zgjerohet nga zona ndenjes s\u00eb p\u00ebrditshme ,&nbsp; n\u00eb zon\u00ebn e nat\u00ebs me q\u00ebllimin e thjesht\u00eb p\u00ebr t\u00eb ofruar sisteme t\u00eb koordinuara t\u00eb mobiljeve. Nj\u00eb vullnet i thjesht\u00eb, por absolutisht i vendosur p\u00ebr t\u00eb pasur n\u00eb qend\u00ebr nj\u00eb pamje bashk\u00ebkohore t\u00eb dizajnit.<\/p>\n<p>[\/vc_column_text]<div class=\"btn-container text-center\"><a href=\"http:\/\/deltahome.al\/tables\/dining-tables\/cattelan\/\" class=\"btn btn-color-out no-radius\"   >Discover<\/a><\/div>[\/vc_column][\/vc_row][vc_row][vc_column width=&#8221;2\/3&#8243;][vc_single_image image=&#8221;3069&#8243; img_size=&#8221;large&#8221;][\/vc_column][vc_column width=&#8221;1\/3&#8243;][vc_column_text]<img loading=\"lazy\" class=\"wp-image-2844 size-medium aligncenter\" src=\"http:\/\/deltahome.al\/\/wp-content\/uploads\/2017\/07\/natuzzi-300x86.png\" alt=\"\" width=\"300\" height=\"86\" srcset=\"https:\/\/deltahome.al\/wp-content\/uploads\/2017\/07\/natuzzi-300x86.png 300w, https:\/\/deltahome.al\/wp-content\/uploads\/2017\/07\/natuzzi.png 418w\" sizes=\"(max-width: 300px) 100vw, 300px\" \/><\/p>\n<p style=\"text-align: center;\">Created by designers of international renown, Natuzzi Italia tables bring value and quality to the dining area.Maximum functionality, originality and simplicity combine with fine materials and accurate craftsmanship.<\/p>\n<p>[\/vc_column_text]<div class=\"btn-container text-center\"><a href=\"http:\/\/deltahome.al\/tables\/dining-tables\/natuzzi\/\" class=\"btn btn-color-out no-radius\"   >Discover<\/a><\/div>[\/vc_column][\/vc_row][vc_row][vc_column width=&#8221;2\/3&#8243;][vc_single_image image=&#8221;3069&#8243; img_size=&#8221;large&#8221;][\/vc_column][vc_column width=&#8221;1\/3&#8243;][vc_column_text]<\/p>\n<p style=\"text-align: center;\"><img loading=\"lazy\" class=\"alignnone wp-image-2884 size-medium\" src=\"http:\/\/deltahome.al\/\/wp-content\/uploads\/2017\/07\/novamobili-300x52.png\" alt=\"\" width=\"300\" height=\"52\" srcset=\"https:\/\/deltahome.al\/wp-content\/uploads\/2017\/07\/novamobili-300x52.png 300w, https:\/\/deltahome.al\/wp-content\/uploads\/2017\/07\/novamobili-768x132.png 768w, https:\/\/deltahome.al\/wp-content\/uploads\/2017\/07\/novamobili-1024x177.png 1024w, https:\/\/deltahome.al\/wp-content\/uploads\/2017\/07\/novamobili-960x166.png 960w, https:\/\/deltahome.al\/wp-content\/uploads\/2017\/07\/novamobili-600x104.png 600w, https:\/\/deltahome.al\/wp-content\/uploads\/2017\/07\/novamobili-800x138.png 800w, https:\/\/deltahome.al\/wp-content\/uploads\/2017\/07\/novamobili.png 1600w\" sizes=\"(max-width: 300px) 100vw, 300px\" \/><\/p>\n<p style=\"text-align: center;\">A synthesis of no-fuss geometric design and lightness of form gives rise to new table models for the living area.<\/p>\n<p>[\/vc_column_text]<div class=\"btn-container text-center\"><a href=\"http:\/\/deltahome.al\/tables\/dining-tables\/novamobili\/\" class=\"btn btn-color-out no-radius\"   >Discover<\/a><\/div>[\/vc_column][\/vc_row][vc_row][vc_column width=&#8221;2\/3&#8243;][vc_single_image image=&#8221;3070&#8243; img_size=&#8221;large&#8221;][\/vc_column][vc_column width=&#8221;1\/3&#8243;][vc_column_text]<\/p>\n<p style=\"text-align: center;\"><img loading=\"lazy\" class=\"alignnone wp-image-2841 size-medium\" src=\"http:\/\/deltahome.al\/\/wp-content\/uploads\/2017\/07\/pensarecasa-300x72.png\" alt=\"\" width=\"300\" height=\"72\" srcset=\"https:\/\/deltahome.al\/wp-content\/uploads\/2017\/07\/pensarecasa-300x72.png 300w, https:\/\/deltahome.al\/wp-content\/uploads\/2017\/07\/pensarecasa-600x144.png 600w, https:\/\/deltahome.al\/wp-content\/uploads\/2017\/07\/pensarecasa.png 606w\" sizes=\"(max-width: 300px) 100vw, 300px\" \/><\/p>\n<p style=\"text-align: center;\">&nbsp;Less time looking for&nbsp;dining tables means more time for sharing good food and laughter with family and friends.<\/p>\n<p>[\/vc_column_text]<div class=\"btn-container text-center\"><a href=\"http:\/\/deltahome.al\/tables\/dining-tables\/pensarecasa\/\" class=\"btn btn-color-out no-radius\"   >Discover<\/a><\/div>[\/vc_column][\/vc_row]<\/p>","protected":false},"excerpt":{"rendered":"<p>[vc_row][vc_column width=&#8221;2\/3&#8243;][vc_single_image image=&#8221;3067&#8243; img_size=&#8221;large&#8221;][\/vc_column][vc_column width=&#8221;1\/3&#8243;][vc_column_text] The beauty of shape and the extraordinary variety of compositions can win you over at first glance, but it is only when you skim over the soft finishes and the fine handcrafted decorations, physically touching the quality of the materials used and the sturdiness of the frames that you will [&hellip;]<\/p>\n","protected":false},"author":1,"featured_media":0,"parent":3046,"menu_order":0,"comment_status":"closed","ping_status":"closed","template":"","meta":[],"_links":{"self":[{"href":"https:\/\/deltahome.al\/en\/wp-json\/wp\/v2\/pages\/3066"}],"collection":[{"href":"https:\/\/deltahome.al\/en\/wp-json\/wp\/v2\/pages"}],"about":[{"href":"https:\/\/deltahome.al\/en\/wp-json\/wp\/v2\/types\/page"}],"author":[{"embeddable":true,"href":"https:\/\/deltahome.al\/en\/wp-json\/wp\/v2\/users\/1"}],"replies":[{"embeddable":true,"href":"https:\/\/deltahome.al\/en\/wp-json\/wp\/v2\/comments?post=3066"}],"version-history":[{"count":3,"href":"https:\/\/deltahome.al\/en\/wp-json\/wp\/v2\/pages\/3066\/revisions"}],"predecessor-version":[{"id":3367,"href":"https:\/\/deltahome.al\/en\/wp-json\/wp\/v2\/pages\/3066\/revisions\/3367"}],"up":[{"embeddable":true,"href":"https:\/\/deltahome.al\/en\/wp-json\/wp\/v2\/pages\/3046"}],"wp:attachment":[{"href":"https:\/\/deltahome.al\/en\/wp-json\/wp\/v2\/media?parent=3066"}],"curies":[{"name":"wp","href":"https:\/\/api.w.org\/{rel}","templated":true}]}}